{"id":68,"date":"2017-12-07T14:26:23","date_gmt":"2017-12-07T14:26:23","guid":{"rendered":"http:\/\/buch.modernklusion.de\/?page_id=68"},"modified":"2018-01-03T12:28:29","modified_gmt":"2018-01-03T12:28:29","slug":"2-feste-freunde-als-assistenten-und-2-gerade-fertig-gewordene","status":"publish","type":"page","link":"http:\/\/buch.modernklusion.de\/?page_id=68","title":{"rendered":"2 feste Freunde als Assistenten und 2 gerade fertig gewordene"},"content":{"rendered":"<p>Nachdem ich meinen ersten Bescheid erhalten habe, habe ich mit Alex Em4 Assistenten einstellen lassen, die dann Rund um die Uhr f\u00fcr mich arbeiten. Wie die \u00dcberschrift schon verlauten l\u00e4sst, habe ich zwei Freunde als meiner Assistenten einstellen lassen. Tim, der schon zuvor als eine meiner Zivis gearbeitet hat, habe ich dann auch als Assistent eingestellt. Zu dieser Zeit konnte er sich nicht erlauben weiterhin ohne Geld auszukommen, der Zivildienst lief aus und einen Job bzw. Studienplatz hat er auch noch nicht in Aussicht gehabt. Er wollte unbedingt als Student der popul\u00e4ren Musik und Medienwissenschaften gelten. Nat\u00fcrlich habe ich mich gefreuten, wenn ein vertrautes Gesicht hat schon immense Vorteile. N\u00fcchtern betrachtet muss ich auch gestehen, dass diese neue Situation durch Assistenten betreut zu werden schon ein wenig unorthodox erschien. Gerade weil, Tim bis dato nie wirklich pflegerische Ma\u00dfnahmen an mir vollzogen. So <strong>musste ich lernen<\/strong> mich von Menschen die eigentlich eine freundschaftliche Beziehung mit mir aufgebaut haben auch pflegen zu lassen. In den ersten Wochen hatte ich zum Gl\u00fcck noch zwei ausgebildete pflegerische Fachkr\u00e4fte als Assistenten, die dann die k\u00f6rperlichen T\u00e4tigkeiten \u00fcbernahmen.<\/p>\n<p>Der Zweite von den vier Assistenten, war ein Freund mit dem ich zusammen Medienwissenschaften studiert habe, auch hier galt es wieder wie mit Tim, dass ich gl\u00fccklich dar\u00fcber war, Fremde pflegerische Hilfskr\u00e4fte hatte. Die beiden Assistenten hie\u00dfen Roman und Alenka, beide haben gerade ihre Ausbildung als Altenpfleger absolviert. Die beiden haben soweit immer die Schicht von 6:00 Uhr morgens bis mittags 12:00 Uhr \u00fcbernommen. Somit hatte ich die M\u00f6glichkeit, mich nicht unbedingt von meinen beiden Freunden waschen, duschen oder auch die Verdauung durchzuf\u00fchren und hatte die Chance langsam an diese neue Situation zu gew\u00f6hnen. Es war wirklich eine ganz angenehme Erfahrung, aber es bedeutete auch f\u00fcr mich, mich langsam darauf einzulassen pflegerische T\u00e4tigkeiten von Andr\u00e9 und Tim durchf\u00fchren zu lassen. Tats\u00e4chlich dauert dieses ganze etwa zwei Monate ist es funktionierte aber im Nachhinein muss ich gestehen, dass es doch wunderbar funktionieren w\u00fcrde und auch bis heute noch funktioniert. Dennoch war die ganze Situation leider immer mit etwas Problematischen \u00fcberdeckt, da der Leistungstr\u00e4ger noch nicht wirklich die finanzielle Unterst\u00fctzung erbracht der Anbieter der meiner Assistenten eingestellt und verwaltet hat, hat bis Ende des Jahres bzw. Anfang 2013 die L\u00f6hne vollstrecken m\u00fcssen.<\/p>\n<p>Somit sammelten sich fast 30.000 \u20ac an und Alex musste sich schon Geld von seinen Verwandten bzw. Freunden leihen. <img loading=\"lazy\" decoding=\"async\" class=\"alignleft size-thumbnail wp-image-259\" src=\"http:\/\/buch.modernklusion.de\/wp-content\/uploads\/2018\/01\/tunnel-150x150.png\" alt=\"\" width=\"150\" height=\"150\" srcset=\"http:\/\/buch.modernklusion.de\/wp-content\/uploads\/2018\/01\/tunnel-150x150.png 150w, http:\/\/buch.modernklusion.de\/wp-content\/uploads\/2018\/01\/tunnel-300x300.png 300w, http:\/\/buch.modernklusion.de\/wp-content\/uploads\/2018\/01\/tunnel-768x766.png 768w, http:\/\/buch.modernklusion.de\/wp-content\/uploads\/2018\/01\/tunnel.png 864w\" sizes=\"(max-width: 150px) 100vw, 150px\" \/>Doch auch das haben wir gemeistert und mithilfe meines Rechtsanwaltes durchgeboxt, dass der Leistungstr\u00e4ger das Budget finanziert und das Geld nun endlich \u00fcberweisen musste. Es war ein Erlebnis wie pl\u00f6tzlich einen Lottogewinn zu erhalten. Auf einmal hatte ich auf meinem Konto ein Guthaben und konnte die Forderung gegen\u00fcber Alex begleichen. Endlich haben wir ein kleines Licht am Ende des Tunnels sehen k\u00f6nnen.<\/p>\n<p><strong><div class=\"alignleft\"><a href=\"http:\/\/buch.modernklusion.de\/?page_id=66\" title=\"Detmolder Gericht ordnet Zwangs\u00fcbernahm an\">Letztes Kapitel: Detmolder Gericht ordnet Zwangs\u00fcbernahm an<\/a><\/div> <\/strong><strong><div class=\"alignright\"><a href=\"http:\/\/buch.modernklusion.de\/?page_id=70\" title=\"Ende November erstes Geld Anteilig\">N\u00e4chstes Kapitel: Ende November erstes Geld Anteilig<\/a><\/div><\/strong><\/p>\n","protected":false},"excerpt":{"rendered":"<p>Nachdem ich meinen ersten Bescheid erhalten habe, habe ich mit Alex Em4 Assistenten einstellen lassen, die dann Rund um die<\/p>\n","protected":false},"author":1,"featured_media":0,"parent":0,"menu_order":0,"comment_status":"closed","ping_status":"closed","template":"","meta":{"footnotes":""},"_links":{"self":[{"href":"http:\/\/buch.modernklusion.de\/index.php?rest_route=\/wp\/v2\/pages\/68"}],"collection":[{"href":"http:\/\/buch.modernklusion.de\/index.php?rest_route=\/wp\/v2\/pages"}],"about":[{"href":"http:\/\/buch.modernklusion.de\/index.php?rest_route=\/wp\/v2\/types\/page"}],"author":[{"embeddable":true,"href":"http:\/\/buch.modernklusion.de\/index.php?rest_route=\/wp\/v2\/users\/1"}],"replies":[{"embeddable":true,"href":"http:\/\/buch.modernklusion.de\/index.php?rest_route=%2Fwp%2Fv2%2Fcomments&post=68"}],"version-history":[{"count":4,"href":"http:\/\/buch.modernklusion.de\/index.php?rest_route=\/wp\/v2\/pages\/68\/revisions"}],"predecessor-version":[{"id":260,"href":"http:\/\/buch.modernklusion.de\/index.php?rest_route=\/wp\/v2\/pages\/68\/revisions\/260"}],"wp:attachment":[{"href":"http:\/\/buch.modernklusion.de\/index.php?rest_route=%2Fwp%2Fv2%2Fmedia&parent=68"}],"curies":[{"name":"wp","href":"https:\/\/api.w.org\/{rel}","templated":true}]}}